{"id":1239,"date":"2024-02-10T12:06:27","date_gmt":"2024-02-10T12:06:27","guid":{"rendered":"http:\/\/pod-lipami.eu\/?page_id=1239"},"modified":"2026-01-16T11:26:57","modified_gmt":"2026-01-16T11:26:57","slug":"o-nas-2","status":"publish","type":"page","link":"https:\/\/pod-lipami.eu\/","title":{"rendered":"O n\u00e1s"},"content":{"rendered":"\t\t<div data-elementor-type=\"wp-page\" data-elementor-id=\"1239\" class=\"elementor elementor-1239\" data-elementor-settings=\"[]\">\n\t\t\t\t\t\t\t<div class=\"elementor-section-wrap\">\n\t\t\t\t\t\t\t<section class=\"elementor-section elementor-top-section elementor-element elementor-element-c028e96 elementor-section-boxed elementor-section-height-default elementor-section-height-default\" data-id=\"c028e96\" data-element_type=\"section\">\n\t\t\t\t\t\t<div class=\"elementor-container elementor-column-gap-default\">\n\t\t\t\t\t<div class=\"elementor-column elementor-col-100 elementor-top-column elementor-element elementor-element-75afca2\" data-id=\"75afca2\" data-element_type=\"column\">\n\t\t\t<div class=\"elementor-widget-wrap elementor-element-populated\">\n\t\t\t\t\t\t\t\t<div class=\"elementor-element elementor-element-d5c85ec elementor-widget elementor-widget-heading\" data-id=\"d5c85ec\" data-element_type=\"widget\" data-widget_type=\"heading.default\">\n\t\t\t\t<div class=\"elementor-widget-container\">\n\t\t\t<h2 class=\"elementor-heading-title elementor-size-default\">\u010cesk\u00e1 kuchyn\u011b<\/h2>\t\t<\/div>\n\t\t\t\t<\/div>\n\t\t\t\t\t<\/div>\n\t\t<\/div>\n\t\t\t\t\t\t\t<\/div>\n\t\t<\/section>\n\t\t\t\t<section class=\"elementor-section elementor-top-section elementor-element elementor-element-0c90939 elementor-section-boxed elementor-section-height-default elementor-section-height-default\" data-id=\"0c90939\" data-element_type=\"section\">\n\t\t\t\t\t\t<div class=\"elementor-container elementor-column-gap-default\">\n\t\t\t\t\t<div class=\"elementor-column elementor-col-100 elementor-top-column elementor-element elementor-element-4ca4c37\" data-id=\"4ca4c37\" data-element_type=\"column\">\n\t\t\t<div class=\"elementor-widget-wrap elementor-element-populated\">\n\t\t\t\t\t\t\t\t<div class=\"elementor-element elementor-element-c3df470 elementor-widget elementor-widget-text-editor\" data-id=\"c3df470\" data-element_type=\"widget\" data-widget_type=\"text-editor.default\">\n\t\t\t\t<div class=\"elementor-widget-container\">\n\t\t\t\t\t\t\t\t<p>Jsme rodinn\u00e1 restaurace s 31letou tradic\u00ed, zam\u011b\u0159en\u00e1 na klasickou \u010deskou kuchyni, specializujeme se na pokrmy z lok\u00e1ln\u00edho pstruha a jelena. Nab\u00edz\u00edme i steakova masa a burgery. Dopln\u011bno o spr\u00e1vn\u011b \u010depovan\u00e9 pivo Pilsner Urquelle, a dal\u0161\u00ed pochoutky. V\u0161e si poctiv\u011b vyr\u00e1b\u00edme a va\u0159\u00edme od srdce. <br \/>Zakl\u00e1d\u00e1me si na kvalitu a f\u00e9r dostupn\u00e9 ceny\u00a0pro\u00a0ka\u017ed\u00e9ho.<\/p>\t\t\t\t\t\t<\/div>\n\t\t\t\t<\/div>\n\t\t\t\t\t<\/div>\n\t\t<\/div>\n\t\t\t\t\t\t\t<\/div>\n\t\t<\/section>\n\t\t\t\t<section class=\"elementor-section elementor-top-section elementor-element elementor-element-595f23a elementor-section-boxed elementor-section-height-default elementor-section-height-default\" data-id=\"595f23a\" data-element_type=\"section\">\n\t\t\t\t\t\t<div class=\"elementor-container elementor-column-gap-default\">\n\t\t\t\t\t<div class=\"elementor-column elementor-col-100 elementor-top-column elementor-element elementor-element-9ed1473\" data-id=\"9ed1473\" data-element_type=\"column\">\n\t\t\t<div class=\"elementor-widget-wrap elementor-element-populated\">\n\t\t\t\t\t\t\t\t<div class=\"elementor-element elementor-element-00056d8 elementor-widget elementor-widget-heading\" data-id=\"00056d8\" data-element_type=\"widget\" data-widget_type=\"heading.default\">\n\t\t\t\t<div class=\"elementor-widget-container\">\n\t\t\t<h2 class=\"elementor-heading-title elementor-size-default\">Otev\u00edrac\u00ed doba<\/h2>\t\t<\/div>\n\t\t\t\t<\/div>\n\t\t\t\t\t<\/div>\n\t\t<\/div>\n\t\t\t\t\t\t\t<\/div>\n\t\t<\/section>\n\t\t\t\t<section class=\"elementor-section elementor-top-section elementor-element elementor-element-28de534 elementor-section-boxed elementor-section-height-default elementor-section-height-default\" data-id=\"28de534\" data-element_type=\"section\">\n\t\t\t\t\t\t<div class=\"elementor-container elementor-column-gap-default\">\n\t\t\t\t\t<div class=\"elementor-column elementor-col-100 elementor-top-column elementor-element elementor-element-efa2b12\" data-id=\"efa2b12\" data-element_type=\"column\">\n\t\t\t<div class=\"elementor-widget-wrap elementor-element-populated\">\n\t\t\t\t\t\t\t\t<div class=\"elementor-element elementor-element-9cf5a0b elementor-widget elementor-widget-text-editor\" data-id=\"9cf5a0b\" data-element_type=\"widget\" data-widget_type=\"text-editor.default\">\n\t\t\t\t<div class=\"elementor-widget-container\">\n\t\t\t\t\t\t\t\t<h1><span style=\"font-size: 1.125rem;\">Ka\u017ed\u00fd den 9:00 &#8211; 22:00<\/span><\/h1>\t\t\t\t\t\t<\/div>\n\t\t\t\t<\/div>\n\t\t\t\t\t<\/div>\n\t\t<\/div>\n\t\t\t\t\t\t\t<\/div>\n\t\t<\/section>\n\t\t\t\t<section class=\"elementor-section elementor-top-section elementor-element elementor-element-4205aa7 elementor-section-boxed elementor-section-height-default elementor-section-height-default\" data-id=\"4205aa7\" data-element_type=\"section\">\n\t\t\t\t\t\t<div class=\"elementor-container elementor-column-gap-default\">\n\t\t\t\t\t<div class=\"elementor-column elementor-col-100 elementor-top-column elementor-element elementor-element-2993dc2\" data-id=\"2993dc2\" data-element_type=\"column\">\n\t\t\t<div class=\"elementor-widget-wrap elementor-element-populated\">\n\t\t\t\t\t\t\t\t<div class=\"elementor-element elementor-element-79ef0c2 elementor-widget elementor-widget-heading\" data-id=\"79ef0c2\" data-element_type=\"widget\" data-widget_type=\"heading.default\">\n\t\t\t\t<div class=\"elementor-widget-container\">\n\t\t\t<h2 class=\"elementor-heading-title elementor-size-default\">Kontakt<\/h2>\t\t<\/div>\n\t\t\t\t<\/div>\n\t\t\t\t\t<\/div>\n\t\t<\/div>\n\t\t\t\t\t\t\t<\/div>\n\t\t<\/section>\n\t\t\t\t<section class=\"elementor-section elementor-top-section elementor-element elementor-element-e927af7 elementor-section-boxed elementor-section-height-default elementor-section-height-default\" data-id=\"e927af7\" data-element_type=\"section\">\n\t\t\t\t\t\t<div class=\"elementor-container elementor-column-gap-default\">\n\t\t\t\t\t<div class=\"elementor-column elementor-col-50 elementor-top-column elementor-element elementor-element-1f20a43\" data-id=\"1f20a43\" data-element_type=\"column\">\n\t\t\t<div class=\"elementor-widget-wrap elementor-element-populated\">\n\t\t\t\t\t\t\t\t<div class=\"elementor-element elementor-element-695ad13 elementor-widget elementor-widget-text-editor\" data-id=\"695ad13\" data-element_type=\"widget\" data-widget_type=\"text-editor.default\">\n\t\t\t\t<div class=\"elementor-widget-container\">\n\t\t\t\t\t\t\t\t<div class=\"wp-block-column\">\n<h2 class=\"has-text-align-center\">Kde n\u00e1s najdete<\/h2>\n<p class=\"has-text-align-center\">Pohrani\u010dn\u00ed str\u00e1\u017ee 836\n431 91 Vejprty\n\u010cesk\u00e1 republika<\/p>\n\n<\/div>\n<div class=\"wp-block-column\">\n<h2 class=\"has-text-align-center\">Napi\u0161te n\u00e1m<\/h2>\n<p class=\"has-text-align-center\">Info@pod-lipami.eu<\/p>\n\n<\/div>\n<div class=\"wp-block-column\">\n<h2 class=\"has-text-align-center\">Zavolejte n\u00e1m<\/h2>\n<p class=\"has-text-align-center\">+420 474 386 197<\/p>\n<p class=\"has-text-align-center\">+420 775 707 358<\/p>\n\n<\/div>\t\t\t\t\t\t<\/div>\n\t\t\t\t<\/div>\n\t\t\t\t\t<\/div>\n\t\t<\/div>\n\t\t\t\t<div class=\"elementor-column elementor-col-50 elementor-top-column elementor-element elementor-element-0b7c32f\" data-id=\"0b7c32f\" data-element_type=\"column\">\n\t\t\t<div class=\"elementor-widget-wrap elementor-element-populated\">\n\t\t\t\t\t\t\t\t<div class=\"elementor-element elementor-element-541f3c6 elementor-widget elementor-widget-google_maps\" data-id=\"541f3c6\" data-element_type=\"widget\" data-widget_type=\"google_maps.default\">\n\t\t\t\t<div class=\"elementor-widget-container\">\n\t\t\t<div class=\"elementor-custom-embed\"><iframe frameborder=\"0\" scrolling=\"no\" marginheight=\"0\" marginwidth=\"0\" src=\"https:\/\/maps.google.com\/maps?q=Pohrani%C4%8Dn%C3%AD%20str%C3%A1%C5%BEe%20836%2C%20431%2091%20Vejprty&amp;t=m&amp;z=10&amp;output=embed&amp;iwloc=near\" title=\"Pohrani\u010dn\u00ed str\u00e1\u017ee 836, 431 91 Vejprty\" aria-label=\"Pohrani\u010dn\u00ed str\u00e1\u017ee 836, 431 91 Vejprty\"><\/iframe><\/div>\t\t<\/div>\n\t\t\t\t<\/div>\n\t\t\t\t\t<\/div>\n\t\t<\/div>\n\t\t\t\t\t\t\t<\/div>\n\t\t<\/section>\n\t\t\t\t\t\t<\/div>\n\t\t\t\t\t<\/div>\n\t\t","protected":false},"excerpt":{"rendered":"<p>\u010cesk\u00e1 kuchyn\u011b Jsme rodinn\u00e1 restaurace s 31letou tradic\u00ed, zam\u011b\u0159en\u00e1 na klasickou \u010deskou kuchyni, specializujeme se na pokrmy z lok\u00e1ln\u00edho pstruha a jelena. Nab\u00edz\u00edme i steakova masa a burgery. Dopln\u011bno o spr\u00e1vn\u011b \u010depovan\u00e9 pivo Pilsner Urquelle, a dal\u0161\u00ed pochoutky. V\u0161e si poctiv\u011b vyr\u00e1b\u00edme a va\u0159\u00edme od srdce. Zakl\u00e1d\u00e1me si na kvalitu a f\u00e9r dostupn\u00e9 ceny\u00a0pro\u00a0ka\u017ed\u00e9ho. Otev\u00edrac\u00ed &hellip; <\/p>\n<p class=\"link-more\"><a href=\"https:\/\/pod-lipami.eu\/\" class=\"more-link\">Pokra\u010dovat ve \u010dten\u00ed<span class=\"screen-reader-text\"> &#8222;O n\u00e1s&#8220;<\/span><\/a><\/p>\n","protected":false},"author":1,"featured_media":0,"parent":0,"menu_order":0,"comment_status":"closed","ping_status":"closed","template":"","meta":[],"_links":{"self":[{"href":"https:\/\/pod-lipami.eu\/index.php\/wp-json\/wp\/v2\/pages\/1239"}],"collection":[{"href":"https:\/\/pod-lipami.eu\/index.php\/wp-json\/wp\/v2\/pages"}],"about":[{"href":"https:\/\/pod-lipami.eu\/index.php\/wp-json\/wp\/v2\/types\/page"}],"author":[{"embeddable":true,"href":"https:\/\/pod-lipami.eu\/index.php\/wp-json\/wp\/v2\/users\/1"}],"replies":[{"embeddable":true,"href":"https:\/\/pod-lipami.eu\/index.php\/wp-json\/wp\/v2\/comments?post=1239"}],"version-history":[{"count":17,"href":"https:\/\/pod-lipami.eu\/index.php\/wp-json\/wp\/v2\/pages\/1239\/revisions"}],"predecessor-version":[{"id":2168,"href":"https:\/\/pod-lipami.eu\/index.php\/wp-json\/wp\/v2\/pages\/1239\/revisions\/2168"}],"wp:attachment":[{"href":"https:\/\/pod-lipami.eu\/index.php\/wp-json\/wp\/v2\/media?parent=1239"}],"curies":[{"name":"wp","href":"https:\/\/api.w.org\/{rel}","templated":true}]}}