{"id":1247,"date":"2024-02-10T12:10:23","date_gmt":"2024-02-10T12:10:23","guid":{"rendered":"http:\/\/pod-lipami.eu\/?page_id=1247"},"modified":"2026-04-23T18:25:59","modified_gmt":"2026-04-23T18:25:59","slug":"menu","status":"publish","type":"page","link":"https:\/\/pod-lipami.eu\/index.php\/menu\/","title":{"rendered":"Menu"},"content":{"rendered":"\t\t<div data-elementor-type=\"wp-page\" data-elementor-id=\"1247\" class=\"elementor elementor-1247\" data-elementor-settings=\"[]\">\n\t\t\t\t\t\t\t<div class=\"elementor-section-wrap\">\n\t\t\t\t\t\t\t<section class=\"elementor-section elementor-top-section elementor-element elementor-element-1a82e7b elementor-section-boxed elementor-section-height-default elementor-section-height-default\" data-id=\"1a82e7b\" data-element_type=\"section\">\n\t\t\t\t\t\t<div class=\"elementor-container elementor-column-gap-default\">\n\t\t\t\t\t<div class=\"elementor-column elementor-col-100 elementor-top-column elementor-element elementor-element-6ebd3a5\" data-id=\"6ebd3a5\" data-element_type=\"column\">\n\t\t\t<div class=\"elementor-widget-wrap elementor-element-populated\">\n\t\t\t\t\t\t\t\t<div class=\"elementor-element elementor-element-f1c14f0 elementor-widget elementor-widget-heading\" data-id=\"f1c14f0\" data-element_type=\"widget\" data-widget_type=\"heading.default\">\n\t\t\t\t<div class=\"elementor-widget-container\">\n\t\t\t<h2 class=\"elementor-heading-title elementor-size-default\">Menu<\/h2>\t\t<\/div>\n\t\t\t\t<\/div>\n\t\t\t\t\t<\/div>\n\t\t<\/div>\n\t\t\t\t\t\t\t<\/div>\n\t\t<\/section>\n\t\t\t\t<section class=\"elementor-section elementor-top-section elementor-element elementor-element-caf407f elementor-section-boxed elementor-section-height-default elementor-section-height-default\" data-id=\"caf407f\" data-element_type=\"section\">\n\t\t\t\t\t\t<div class=\"elementor-container elementor-column-gap-default\">\n\t\t\t\t\t<div class=\"elementor-column elementor-col-33 elementor-top-column elementor-element elementor-element-dbbe7c7\" data-id=\"dbbe7c7\" data-element_type=\"column\">\n\t\t\t<div class=\"elementor-widget-wrap elementor-element-populated\">\n\t\t\t\t\t\t\t\t<div class=\"elementor-element elementor-element-1cb9161 elementor-widget elementor-widget-image\" data-id=\"1cb9161\" data-element_type=\"widget\" data-widget_type=\"image.default\">\n\t\t\t\t<div class=\"elementor-widget-container\">\n\t\t\t\t\t\t\t\t\t\t\t\t\t\t\t<img width=\"525\" height=\"295\" src=\"https:\/\/pod-lipami.eu\/wp-content\/uploads\/2023\/09\/image1-25.jpeg\" class=\"attachment-large size-large\" alt=\"\" loading=\"lazy\" srcset=\"https:\/\/pod-lipami.eu\/wp-content\/uploads\/2023\/09\/image1-25.jpeg 1024w, https:\/\/pod-lipami.eu\/wp-content\/uploads\/2023\/09\/image1-25-300x169.jpeg 300w, https:\/\/pod-lipami.eu\/wp-content\/uploads\/2023\/09\/image1-25-768x432.jpeg 768w\" sizes=\"100vw\" \/>\t\t\t\t\t\t\t\t\t\t\t\t\t\t\t<\/div>\n\t\t\t\t<\/div>\n\t\t\t\t\t<\/div>\n\t\t<\/div>\n\t\t\t\t<div class=\"elementor-column elementor-col-33 elementor-top-column elementor-element elementor-element-55ebf72\" data-id=\"55ebf72\" data-element_type=\"column\">\n\t\t\t<div class=\"elementor-widget-wrap elementor-element-populated\">\n\t\t\t\t\t\t\t\t<div class=\"elementor-element elementor-element-5bf7402 elementor-widget elementor-widget-image\" data-id=\"5bf7402\" data-element_type=\"widget\" data-widget_type=\"image.default\">\n\t\t\t\t<div class=\"elementor-widget-container\">\n\t\t\t\t\t\t\t\t\t\t\t\t\t\t\t<img width=\"525\" height=\"295\" src=\"https:\/\/pod-lipami.eu\/wp-content\/uploads\/2023\/07\/image0-11.jpeg\" class=\"attachment-large size-large\" alt=\"\" loading=\"lazy\" srcset=\"https:\/\/pod-lipami.eu\/wp-content\/uploads\/2023\/07\/image0-11.jpeg 1024w, https:\/\/pod-lipami.eu\/wp-content\/uploads\/2023\/07\/image0-11-300x169.jpeg 300w, https:\/\/pod-lipami.eu\/wp-content\/uploads\/2023\/07\/image0-11-768x432.jpeg 768w\" sizes=\"100vw\" \/>\t\t\t\t\t\t\t\t\t\t\t\t\t\t\t<\/div>\n\t\t\t\t<\/div>\n\t\t\t\t\t<\/div>\n\t\t<\/div>\n\t\t\t\t<div class=\"elementor-column elementor-col-33 elementor-top-column elementor-element elementor-element-b091a57\" data-id=\"b091a57\" data-element_type=\"column\">\n\t\t\t<div class=\"elementor-widget-wrap elementor-element-populated\">\n\t\t\t\t\t\t\t\t<div class=\"elementor-element elementor-element-59ac456 elementor-widget elementor-widget-image\" data-id=\"59ac456\" data-element_type=\"widget\" data-widget_type=\"image.default\">\n\t\t\t\t<div class=\"elementor-widget-container\">\n\t\t\t\t\t\t\t\t\t\t\t\t\t\t\t<img width=\"525\" height=\"295\" src=\"https:\/\/pod-lipami.eu\/wp-content\/uploads\/2023\/11\/image0-13.jpeg\" class=\"attachment-large size-large\" alt=\"\" loading=\"lazy\" srcset=\"https:\/\/pod-lipami.eu\/wp-content\/uploads\/2023\/11\/image0-13.jpeg 1024w, https:\/\/pod-lipami.eu\/wp-content\/uploads\/2023\/11\/image0-13-300x169.jpeg 300w, https:\/\/pod-lipami.eu\/wp-content\/uploads\/2023\/11\/image0-13-768x432.jpeg 768w\" sizes=\"100vw\" \/>\t\t\t\t\t\t\t\t\t\t\t\t\t\t\t<\/div>\n\t\t\t\t<\/div>\n\t\t\t\t\t<\/div>\n\t\t<\/div>\n\t\t\t\t\t\t\t<\/div>\n\t\t<\/section>\n\t\t\t\t<section class=\"elementor-section elementor-top-section elementor-element elementor-element-067edb9 elementor-section-boxed elementor-section-height-default elementor-section-height-default\" data-id=\"067edb9\" data-element_type=\"section\">\n\t\t\t\t\t\t<div class=\"elementor-container elementor-column-gap-default\">\n\t\t\t\t\t<div class=\"elementor-column elementor-col-33 elementor-top-column elementor-element elementor-element-8ca4643\" data-id=\"8ca4643\" data-element_type=\"column\">\n\t\t\t<div class=\"elementor-widget-wrap elementor-element-populated\">\n\t\t\t\t\t\t\t\t<div class=\"elementor-element elementor-element-7c3481e elementor-widget elementor-widget-image\" data-id=\"7c3481e\" data-element_type=\"widget\" data-widget_type=\"image.default\">\n\t\t\t\t<div class=\"elementor-widget-container\">\n\t\t\t\t\t\t\t\t\t\t\t\t\t\t\t\t<a href=\"https:\/\/pod-lipami.eu\/menu\/CZ-menu.pdf\">\n\t\t\t\t\t\t\t<img width=\"525\" height=\"726\" src=\"https:\/\/pod-lipami.eu\/wp-content\/uploads\/2025\/12\/Screenshot-2025-12-12-at-8.26.56.png\" class=\"attachment-large size-large\" alt=\"\" loading=\"lazy\" srcset=\"https:\/\/pod-lipami.eu\/wp-content\/uploads\/2025\/12\/Screenshot-2025-12-12-at-8.26.56.png 597w, https:\/\/pod-lipami.eu\/wp-content\/uploads\/2025\/12\/Screenshot-2025-12-12-at-8.26.56-217x300.png 217w\" sizes=\"100vw\" \/>\t\t\t\t\t\t\t\t<\/a>\n\t\t\t\t\t\t\t\t\t\t\t\t\t\t\t<\/div>\n\t\t\t\t<\/div>\n\t\t\t\t\t<\/div>\n\t\t<\/div>\n\t\t\t\t<div class=\"elementor-column elementor-col-33 elementor-top-column elementor-element elementor-element-7b15191\" data-id=\"7b15191\" data-element_type=\"column\">\n\t\t\t<div class=\"elementor-widget-wrap elementor-element-populated\">\n\t\t\t\t\t\t\t\t<div class=\"elementor-element elementor-element-7e681af elementor-widget elementor-widget-image\" data-id=\"7e681af\" data-element_type=\"widget\" data-widget_type=\"image.default\">\n\t\t\t\t<div class=\"elementor-widget-container\">\n\t\t\t\t\t\t\t\t\t\t\t\t\t\t\t\t<a href=\"https:\/\/pod-lipami.eu\/menu\/CZ-menu.pdf\">\n\t\t\t\t\t\t\t<img width=\"525\" height=\"738\" src=\"https:\/\/pod-lipami.eu\/wp-content\/uploads\/2025\/12\/Screenshot-2025-12-12-at-8.27.11.png\" class=\"attachment-large size-large\" alt=\"\" loading=\"lazy\" srcset=\"https:\/\/pod-lipami.eu\/wp-content\/uploads\/2025\/12\/Screenshot-2025-12-12-at-8.27.11.png 583w, https:\/\/pod-lipami.eu\/wp-content\/uploads\/2025\/12\/Screenshot-2025-12-12-at-8.27.11-213x300.png 213w\" sizes=\"100vw\" \/>\t\t\t\t\t\t\t\t<\/a>\n\t\t\t\t\t\t\t\t\t\t\t\t\t\t\t<\/div>\n\t\t\t\t<\/div>\n\t\t\t\t\t<\/div>\n\t\t<\/div>\n\t\t\t\t<div class=\"elementor-column elementor-col-33 elementor-top-column elementor-element elementor-element-161c162\" data-id=\"161c162\" data-element_type=\"column\">\n\t\t\t<div class=\"elementor-widget-wrap elementor-element-populated\">\n\t\t\t\t\t\t\t\t<div class=\"elementor-element elementor-element-74b0d63 elementor-widget elementor-widget-image\" data-id=\"74b0d63\" data-element_type=\"widget\" data-widget_type=\"image.default\">\n\t\t\t\t<div class=\"elementor-widget-container\">\n\t\t\t\t\t\t\t\t\t\t\t\t\t\t\t\t<a href=\"https:\/\/pod-lipami.eu\/menu\/CZ-menu.pdf\">\n\t\t\t\t\t\t\t<img width=\"417\" height=\"820\" src=\"https:\/\/pod-lipami.eu\/wp-content\/uploads\/2025\/12\/Screenshot-2025-12-12-at-8.27.23.png\" class=\"attachment-large size-large\" alt=\"\" loading=\"lazy\" srcset=\"https:\/\/pod-lipami.eu\/wp-content\/uploads\/2025\/12\/Screenshot-2025-12-12-at-8.27.23.png 417w, https:\/\/pod-lipami.eu\/wp-content\/uploads\/2025\/12\/Screenshot-2025-12-12-at-8.27.23-153x300.png 153w\" sizes=\"100vw\" \/>\t\t\t\t\t\t\t\t<\/a>\n\t\t\t\t\t\t\t\t\t\t\t\t\t\t\t<\/div>\n\t\t\t\t<\/div>\n\t\t\t\t\t<\/div>\n\t\t<\/div>\n\t\t\t\t\t\t\t<\/div>\n\t\t<\/section>\n\t\t\t\t<section class=\"elementor-section elementor-top-section elementor-element elementor-element-b8dbc6d elementor-section-boxed elementor-section-height-default elementor-section-height-default\" data-id=\"b8dbc6d\" data-element_type=\"section\">\n\t\t\t\t\t\t<div class=\"elementor-container elementor-column-gap-default\">\n\t\t\t\t\t<div class=\"elementor-column elementor-col-100 elementor-top-column elementor-element elementor-element-35832ac\" data-id=\"35832ac\" data-element_type=\"column\">\n\t\t\t<div class=\"elementor-widget-wrap elementor-element-populated\">\n\t\t\t\t\t\t\t\t<div class=\"elementor-element elementor-element-2b40994 elementor-widget elementor-widget-heading\" data-id=\"2b40994\" data-element_type=\"widget\" data-widget_type=\"heading.default\">\n\t\t\t\t<div class=\"elementor-widget-container\">\n\t\t\t<h2 class=\"elementor-heading-title elementor-size-default\">V\u00edkendov\u00e1 nab\u00eddka<\/h2>\t\t<\/div>\n\t\t\t\t<\/div>\n\t\t\t\t\t<\/div>\n\t\t<\/div>\n\t\t\t\t\t\t\t<\/div>\n\t\t<\/section>\n\t\t\t\t<section class=\"elementor-section elementor-top-section elementor-element elementor-element-ec111e8 elementor-section-boxed elementor-section-height-default elementor-section-height-default\" data-id=\"ec111e8\" data-element_type=\"section\">\n\t\t\t\t\t\t<div class=\"elementor-container elementor-column-gap-default\">\n\t\t\t\t\t<div class=\"elementor-column elementor-col-50 elementor-top-column elementor-element elementor-element-098498c\" data-id=\"098498c\" data-element_type=\"column\">\n\t\t\t<div class=\"elementor-widget-wrap elementor-element-populated\">\n\t\t\t\t\t\t\t\t<div class=\"elementor-element elementor-element-960c26e elementor-widget elementor-widget-text-editor\" data-id=\"960c26e\" data-element_type=\"widget\" data-widget_type=\"text-editor.default\">\n\t\t\t\t<div class=\"elementor-widget-container\">\n\t\t\t\t\t\t\t\t<p>Kapustov\u00e1 pol\u00e9vka na v\u00edn\u011b s\u00a0brandy, uzen\u00e9 maso, s\u00fdr,<br \/>hr\u00e1\u0161ek, krutony 85,-<\/p>\t\t\t\t\t\t<\/div>\n\t\t\t\t<\/div>\n\t\t\t\t\t<\/div>\n\t\t<\/div>\n\t\t\t\t<div class=\"elementor-column elementor-col-50 elementor-top-column elementor-element elementor-element-3bb0cd4\" data-id=\"3bb0cd4\" data-element_type=\"column\">\n\t\t\t<div class=\"elementor-widget-wrap elementor-element-populated\">\n\t\t\t\t\t\t\t\t<div class=\"elementor-element elementor-element-4e9015c elementor-widget elementor-widget-text-editor\" data-id=\"4e9015c\" data-element_type=\"widget\" data-widget_type=\"text-editor.default\">\n\t\t\t\t<div class=\"elementor-widget-container\">\n\t\t\t\t\t\t\t\t<p><span style=\"font-size: 1rem;\">Pl\u00e1tky uzen\u00e9 krkovice s houbovou om\u00e1\u010dkou, dom\u00e1c\u00ed houskov\u00fd knedl\u00edk, poln\u00ed\u010dkov\u00fd sal\u00e1t 249,-<\/span><\/p>\t\t\t\t\t\t<\/div>\n\t\t\t\t<\/div>\n\t\t\t\t\t<\/div>\n\t\t<\/div>\n\t\t\t\t\t\t\t<\/div>\n\t\t<\/section>\n\t\t\t\t<section class=\"elementor-section elementor-top-section elementor-element elementor-element-798e3f7 elementor-section-boxed elementor-section-height-default elementor-section-height-default\" data-id=\"798e3f7\" data-element_type=\"section\">\n\t\t\t\t\t\t<div class=\"elementor-container elementor-column-gap-default\">\n\t\t\t\t\t<div class=\"elementor-column elementor-col-50 elementor-top-column elementor-element elementor-element-53c07b4\" data-id=\"53c07b4\" data-element_type=\"column\">\n\t\t\t<div class=\"elementor-widget-wrap elementor-element-populated\">\n\t\t\t\t\t\t\t\t<div class=\"elementor-element elementor-element-aae9a90 elementor-widget elementor-widget-image\" data-id=\"aae9a90\" data-element_type=\"widget\" data-widget_type=\"image.default\">\n\t\t\t\t<div class=\"elementor-widget-container\">\n\t\t\t\t\t\t\t\t\t\t\t\t\t\t\t<img width=\"525\" height=\"295\" src=\"https:\/\/pod-lipami.eu\/wp-content\/uploads\/2026\/04\/IMG_6678-1024x576.jpeg\" class=\"attachment-large size-large\" alt=\"\" loading=\"lazy\" srcset=\"https:\/\/pod-lipami.eu\/wp-content\/uploads\/2026\/04\/IMG_6678-1024x576.jpeg 1024w, https:\/\/pod-lipami.eu\/wp-content\/uploads\/2026\/04\/IMG_6678-300x169.jpeg 300w, https:\/\/pod-lipami.eu\/wp-content\/uploads\/2026\/04\/IMG_6678-768x432.jpeg 768w, https:\/\/pod-lipami.eu\/wp-content\/uploads\/2026\/04\/IMG_6678-1536x864.jpeg 1536w, https:\/\/pod-lipami.eu\/wp-content\/uploads\/2026\/04\/IMG_6678-2048x1152.jpeg 2048w\" sizes=\"100vw\" \/>\t\t\t\t\t\t\t\t\t\t\t\t\t\t\t<\/div>\n\t\t\t\t<\/div>\n\t\t\t\t\t<\/div>\n\t\t<\/div>\n\t\t\t\t<div class=\"elementor-column elementor-col-50 elementor-top-column elementor-element elementor-element-ebfa562\" data-id=\"ebfa562\" data-element_type=\"column\">\n\t\t\t<div class=\"elementor-widget-wrap elementor-element-populated\">\n\t\t\t\t\t\t\t\t<div class=\"elementor-element elementor-element-fe259cf elementor-widget elementor-widget-image\" data-id=\"fe259cf\" data-element_type=\"widget\" data-widget_type=\"image.default\">\n\t\t\t\t<div class=\"elementor-widget-container\">\n\t\t\t\t\t\t\t\t\t\t\t\t\t\t\t<img width=\"525\" height=\"293\" src=\"https:\/\/pod-lipami.eu\/wp-content\/uploads\/2025\/06\/ccc7181e-e67e-4d8d-b161-99337d552954-1-1024x571.jpg\" class=\"attachment-large size-large\" alt=\"\" loading=\"lazy\" srcset=\"https:\/\/pod-lipami.eu\/wp-content\/uploads\/2025\/06\/ccc7181e-e67e-4d8d-b161-99337d552954-1-1024x571.jpg 1024w, https:\/\/pod-lipami.eu\/wp-content\/uploads\/2025\/06\/ccc7181e-e67e-4d8d-b161-99337d552954-1-300x167.jpg 300w, https:\/\/pod-lipami.eu\/wp-content\/uploads\/2025\/06\/ccc7181e-e67e-4d8d-b161-99337d552954-1-768x428.jpg 768w, https:\/\/pod-lipami.eu\/wp-content\/uploads\/2025\/06\/ccc7181e-e67e-4d8d-b161-99337d552954-1.jpg 1130w\" sizes=\"100vw\" \/>\t\t\t\t\t\t\t\t\t\t\t\t\t\t\t<\/div>\n\t\t\t\t<\/div>\n\t\t\t\t\t<\/div>\n\t\t<\/div>\n\t\t\t\t\t\t\t<\/div>\n\t\t<\/section>\n\t\t\t\t<section class=\"elementor-section elementor-top-section elementor-element elementor-element-bbe00a6 elementor-section-boxed elementor-section-height-default elementor-section-height-default\" data-id=\"bbe00a6\" data-element_type=\"section\">\n\t\t\t\t\t\t<div class=\"elementor-container elementor-column-gap-default\">\n\t\t\t\t\t<div class=\"elementor-column elementor-col-50 elementor-top-column elementor-element elementor-element-ee376b4\" data-id=\"ee376b4\" data-element_type=\"column\">\n\t\t\t<div class=\"elementor-widget-wrap elementor-element-populated\">\n\t\t\t\t\t\t\t\t<div class=\"elementor-element elementor-element-ff60235 elementor-widget elementor-widget-image\" data-id=\"ff60235\" data-element_type=\"widget\" data-widget_type=\"image.default\">\n\t\t\t\t<div class=\"elementor-widget-container\">\n\t\t\t\t\t\t\t\t\t\t\t\t\t\t\t<img width=\"300\" height=\"169\" src=\"https:\/\/pod-lipami.eu\/wp-content\/uploads\/2025\/11\/image0-33-1-300x169.jpeg\" class=\"attachment-medium size-medium\" alt=\"\" loading=\"lazy\" srcset=\"https:\/\/pod-lipami.eu\/wp-content\/uploads\/2025\/11\/image0-33-1-300x169.jpeg 300w, https:\/\/pod-lipami.eu\/wp-content\/uploads\/2025\/11\/image0-33-1-1024x576.jpeg 1024w, https:\/\/pod-lipami.eu\/wp-content\/uploads\/2025\/11\/image0-33-1-768x432.jpeg 768w, https:\/\/pod-lipami.eu\/wp-content\/uploads\/2025\/11\/image0-33-1-1536x864.jpeg 1536w, https:\/\/pod-lipami.eu\/wp-content\/uploads\/2025\/11\/image0-33-1-2048x1152.jpeg 2048w\" sizes=\"100vw\" \/>\t\t\t\t\t\t\t\t\t\t\t\t\t\t\t<\/div>\n\t\t\t\t<\/div>\n\t\t\t\t\t<\/div>\n\t\t<\/div>\n\t\t\t\t<div class=\"elementor-column elementor-col-50 elementor-top-column elementor-element elementor-element-7b7ba8d\" data-id=\"7b7ba8d\" data-element_type=\"column\">\n\t\t\t<div class=\"elementor-widget-wrap elementor-element-populated\">\n\t\t\t\t\t\t\t\t<div class=\"elementor-element elementor-element-fc5818f elementor-widget elementor-widget-image\" data-id=\"fc5818f\" data-element_type=\"widget\" data-widget_type=\"image.default\">\n\t\t\t\t<div class=\"elementor-widget-container\">\n\t\t\t\t\t\t\t\t\t\t\t\t\t\t\t<img width=\"300\" height=\"169\" src=\"https:\/\/pod-lipami.eu\/wp-content\/uploads\/2026\/04\/IMG_8519-300x169.jpeg\" class=\"attachment-medium size-medium\" alt=\"\" loading=\"lazy\" srcset=\"https:\/\/pod-lipami.eu\/wp-content\/uploads\/2026\/04\/IMG_8519-300x169.jpeg 300w, https:\/\/pod-lipami.eu\/wp-content\/uploads\/2026\/04\/IMG_8519-1024x576.jpeg 1024w, https:\/\/pod-lipami.eu\/wp-content\/uploads\/2026\/04\/IMG_8519-768x432.jpeg 768w, https:\/\/pod-lipami.eu\/wp-content\/uploads\/2026\/04\/IMG_8519-1536x864.jpeg 1536w, https:\/\/pod-lipami.eu\/wp-content\/uploads\/2026\/04\/IMG_8519-2048x1152.jpeg 2048w\" sizes=\"100vw\" \/>\t\t\t\t\t\t\t\t\t\t\t\t\t\t\t<\/div>\n\t\t\t\t<\/div>\n\t\t\t\t\t<\/div>\n\t\t<\/div>\n\t\t\t\t\t\t\t<\/div>\n\t\t<\/section>\n\t\t\t\t<section class=\"elementor-section elementor-top-section elementor-element elementor-element-8c914d4 elementor-section-boxed elementor-section-height-default elementor-section-height-default\" data-id=\"8c914d4\" data-element_type=\"section\">\n\t\t\t\t\t\t<div class=\"elementor-container elementor-column-gap-default\">\n\t\t\t\t\t<div class=\"elementor-column elementor-col-100 elementor-top-column elementor-element elementor-element-e9cae9e\" data-id=\"e9cae9e\" data-element_type=\"column\">\n\t\t\t<div class=\"elementor-widget-wrap elementor-element-populated\">\n\t\t\t\t\t\t\t\t<div class=\"elementor-element elementor-element-a100198 elementor-widget elementor-widget-heading\" data-id=\"a100198\" data-element_type=\"widget\" data-widget_type=\"heading.default\">\n\t\t\t\t<div class=\"elementor-widget-container\">\n\t\t\t<h2 class=\"elementor-heading-title elementor-size-default\">Denn\u00ed menu<\/h2>\t\t<\/div>\n\t\t\t\t<\/div>\n\t\t\t\t\t<\/div>\n\t\t<\/div>\n\t\t\t\t\t\t\t<\/div>\n\t\t<\/section>\n\t\t\t\t<section class=\"elementor-section elementor-top-section elementor-element elementor-element-cd53370 elementor-section-boxed elementor-section-height-default elementor-section-height-default\" data-id=\"cd53370\" data-element_type=\"section\">\n\t\t\t\t\t\t<div class=\"elementor-container elementor-column-gap-default\">\n\t\t\t\t\t<div class=\"elementor-column elementor-col-100 elementor-top-column elementor-element elementor-element-30d5b4b\" data-id=\"30d5b4b\" data-element_type=\"column\">\n\t\t\t<div class=\"elementor-widget-wrap elementor-element-populated\">\n\t\t\t\t\t\t\t\t<div class=\"elementor-element elementor-element-336cceb elementor-widget elementor-widget-text-editor\" data-id=\"336cceb\" data-element_type=\"widget\" data-widget_type=\"text-editor.default\">\n\t\t\t\t<div class=\"elementor-widget-container\">\n\t\t\t\t\t\t\t\t<p>Ka\u017ed\u00fd v\u0161edn\u00ed den pro v\u00e1s p\u0159ipravujeme menu.\u00a0Cena v\u010detn\u011b obalu\u00a0<strong>POUZE 130 K\u010d!<\/strong><\/p>\t\t\t\t\t\t<\/div>\n\t\t\t\t<\/div>\n\t\t\t\t\t<\/div>\n\t\t<\/div>\n\t\t\t\t\t\t\t<\/div>\n\t\t<\/section>\n\t\t\t\t\t\t<\/div>\n\t\t\t\t\t<\/div>\n\t\t","protected":false},"excerpt":{"rendered":"<p>Menu V\u00edkendov\u00e1 nab\u00eddka Kapustov\u00e1 pol\u00e9vka na v\u00edn\u011b s\u00a0brandy, uzen\u00e9 maso, s\u00fdr,hr\u00e1\u0161ek, krutony 85,- Pl\u00e1tky uzen\u00e9 krkovice s houbovou om\u00e1\u010dkou, dom\u00e1c\u00ed houskov\u00fd knedl\u00edk, poln\u00ed\u010dkov\u00fd sal\u00e1t 249,- Denn\u00ed menu Ka\u017ed\u00fd v\u0161edn\u00ed den pro v\u00e1s p\u0159ipravujeme menu.\u00a0Cena v\u010detn\u011b obalu\u00a0POUZE 130 K\u010d!<\/p>\n","protected":false},"author":1,"featured_media":0,"parent":0,"menu_order":0,"comment_status":"closed","ping_status":"closed","template":"","meta":[],"_links":{"self":[{"href":"https:\/\/pod-lipami.eu\/index.php\/wp-json\/wp\/v2\/pages\/1247"}],"collection":[{"href":"https:\/\/pod-lipami.eu\/index.php\/wp-json\/wp\/v2\/pages"}],"about":[{"href":"https:\/\/pod-lipami.eu\/index.php\/wp-json\/wp\/v2\/types\/page"}],"author":[{"embeddable":true,"href":"https:\/\/pod-lipami.eu\/index.php\/wp-json\/wp\/v2\/users\/1"}],"replies":[{"embeddable":true,"href":"https:\/\/pod-lipami.eu\/index.php\/wp-json\/wp\/v2\/comments?post=1247"}],"version-history":[{"count":284,"href":"https:\/\/pod-lipami.eu\/index.php\/wp-json\/wp\/v2\/pages\/1247\/revisions"}],"predecessor-version":[{"id":2244,"href":"https:\/\/pod-lipami.eu\/index.php\/wp-json\/wp\/v2\/pages\/1247\/revisions\/2244"}],"wp:attachment":[{"href":"https:\/\/pod-lipami.eu\/index.php\/wp-json\/wp\/v2\/media?parent=1247"}],"curies":[{"name":"wp","href":"https:\/\/api.w.org\/{rel}","templated":true}]}}